{"id":482,"date":"2021-04-06T13:00:08","date_gmt":"2021-04-06T13:00:08","guid":{"rendered":"http:\/\/autosel.selena-work.cloud-press.net\/mesmerize-pro\/"},"modified":"2025-04-07T17:37:00","modified_gmt":"2025-04-07T17:37:00","slug":"mesmerize-pro","status":"publish","type":"page","link":"https:\/\/lavagemobilesd.com\/fr\/","title":{"rendered":"Accueil"},"content":{"rendered":"<div  data-label=\"Servcices\" data-id=\"features-16-card-bordered\" data-export-id=\"features-16-card-bordered\" data-category=\"features\" class=\"features-16-card-bordered content-section content-section-spacing content-relative\" id=\"servcices\" style=\"background-color: rgb(255, 255, 255);\"> <div  class=\"gridContainer\">  <div  class=\"row spaced-cols content-center-sm\" data-type=\"row\"> <div  class=\"col-xs-12 col-sm-6 col-md-3 \"> <div  class=\"card no-padding bordered y-move\"> <img decoding=\"async\"  class=\"face\" src=\"https:\/\/lavagemobilesd.com\/fr\/wp-content\/uploads\/2021\/04\/cropped-flotte-camions.jpg\" alt=\"\" title=\"cropped-flotte-camions.jpg\" data-ms-editor=\"true\"> <div  data-type=\"column\" class=\"col-padding-small col-padding-small-xs description-container\"> <h4  class=\"font-500\" data-ms-editor=\"true\">Flotte de camions&nbsp;<br >Machinerie Agricole<\/h4> <p  class=\"\" data-ms-editor=\"true\">Machinerie, camions<\/p> <\/div> <div  data-type=\"column\" class=\"col-padding-small col-padding-small-xs read-more-container\"> <a  class=\"read-more\" href=\"https:\/\/lavagemobilesd.com\/fr\/services\" target=\"_self\" data-cp-link=\"1\" rel=\"noopener noreferrer\">savoir plus<\/a> <\/div> <\/div> <\/div>   <div  class=\"col-xs-12 col-sm-6 col-md-3 \"> <div  class=\"card no-padding bordered y-move\"> <img decoding=\"async\"  class=\"face\" src=\"https:\/\/lavagemobilesd.com\/fr\/wp-content\/uploads\/2019\/10\/cropped-compound.jpg\" alt=\"\" title=\"cropped-compound.jpg\" data-ms-editor=\"true\"> <div  data-type=\"column\" class=\"col-padding-small col-padding-small-xs description-container\"> <h4  class=\"font-500\" data-ms-editor=\"true\">Esth\u00e9tique automobile<\/h4> <p  class=\"\" data-ms-editor=\"true\">Lavage int\u00e9rieur et ext\u00e9rieur,\n<br >Compound, roue, sablage de phares etc\u2026<\/p> <\/div> <div  data-type=\"column\" class=\"col-padding-small col-padding-small-xs read-more-container\"> <a  class=\"read-more\" href=\"https:\/\/lavagemobilesd.com\/fr\/services\" target=\"_self\" data-cp-link=\"1\" rel=\"noopener noreferrer\">savoir plus<\/a> <\/div> <\/div> <\/div><div  class=\"col-xs-12 col-sm-6 col-md-3 \"> <div  class=\"card no-padding bordered y-move\"> <img decoding=\"async\"  class=\"face\" src=\"https:\/\/lavagemobilesd.com\/fr\/wp-content\/uploads\/2021\/03\/cropped-cropped-vehiculerecreatif2.jpg\" alt=\"\" title=\"cropped-cropped-vehiculerecreatif2.jpg\" data-ms-editor=\"true\"> <div  data-type=\"column\" class=\"col-padding-small col-padding-small-xs description-container\"> <h4  class=\"font-500\" data-ms-editor=\"true\">V\u00e9hicule r\u00e9cr\u00e9atif<\/h4> <p  class=\"\" data-ms-editor=\"true\">Lavage mobile directement sur place de v\u00e9hicules r\u00e9cr\u00e9atifs<\/p> <\/div> <div  data-type=\"column\" class=\"col-padding-small col-padding-small-xs read-more-container\"> <a  class=\"read-more\" href=\"https:\/\/lavagemobilesd.com\/fr\/services\" target=\"_self\" data-cp-link=\"1\" rel=\"noopener noreferrer\">savoir plus<\/a> <\/div> <\/div> <\/div><div  class=\"col-xs-12 col-sm-6 col-md-3 \"> <div  class=\"card no-padding bordered y-move\"> <img decoding=\"async\"  class=\"face\" src=\"https:\/\/lavagemobilesd.com\/fr\/wp-content\/uploads\/2022\/06\/cropped-service-entretien.jpg\" alt=\"\" title=\"cropped-service-entretien.jpg\" data-ms-editor=\"true\"> <div  data-type=\"column\" class=\"col-padding-small col-padding-small-xs description-container\"> <h4  class=\"font-500\" data-ms-editor=\"true\">Entretien commercial&nbsp;<\/h4> <p  class=\"\" data-ms-editor=\"true\">Entretien de locaux commerciaux\n<\/p> <\/div> <div  data-type=\"column\" class=\"col-padding-small col-padding-small-xs read-more-container\"> <a  class=\"read-more\" href=\"https:\/\/lavagemobilesd.com\/fr\/services\/#entretien-commercial\" target=\"_self\" data-cp-link=\"1\" rel=\"noopener noreferrer\">savoir plus<\/a> <\/div> <\/div> <\/div><\/div> <\/div> <\/div><div  data-label=\"A propos\" data-id=\"about--1\" data-export-id=\"about-image-text\" data-category=\"about\" class=\"about-image-text content-section content-section-spacing\" id=\"a-propos\" style=\"background-color: rgb(245, 250, 253);\"><div  class=\"gridContainer\"> <div  class=\"row\"><div  class=\"col-sm-6 flexbox-strech center-xs middle-xs no-gutter-col\"> <div  class=\"shadow-large overlap-right-large flexbox middle-xs center-xs left-img\" data-bg=\"image\" style=\"background-image: url(&quot;https:\/\/lavagemobilesd.com\/fr\/wp-content\/uploads\/2019\/10\/cropped-service-lavage-a-pression-1.png&quot;);\"><\/div><\/div> <div  class=\"col-sm-6 space-bottom-xs col-padding-small-xs col-sm-padding-large bg-color5 white-text content-col\" data-type=\"column\"><h5  class=\"\" data-ms-editor=\"true\">\u00c0 PROPOS<\/h5> <h2  class=\"\" data-ms-editor=\"true\">Faire affaire avec<br ><font  face=\"Playfair Display, sans-serif\"><i  data-ms-editor=\"true\">Lavage Mobile SD<\/i><\/font>,&nbsp;\n<br >est vous assurer un travail consciencieux.<\/h2> <p  class=\"\" data-ms-editor=\"true\">St\u00e9phane Despars a toujours travaill\u00e9 dans le domaine de l\u2019entretien des v\u00e9hicules.\n<br ><br >Il a suivi son cours d\u2019esth\u00e9tique de voitures.\n\n<br ><br >Que vous ayez besoin d\u2019un lavage, compound ou polir les roues,&nbsp; vous obtiendrez une exp\u00e9rience de plus de 20 ans dans le m\u00e9tier.\n\n<br ><br >Apr\u00e8s plusieurs ann\u00e9es \u00e0 travailler pour les autres,&nbsp; il a d\u00e9cid\u00e9 de partir sa propre compagnie<span  style=\"font-style: italic; font-weight: 700;\"> Lavage Mobile SD&nbsp;&nbsp;<span  id=\"_mce_caret\" data-mce-bogus=\"1\" data-mce-type=\"format-caret\"><span  style=\"font-weight: 300;\">\ufeff<\/span><\/span><\/span><span  id=\"_mce_caret\" data-mce-bogus=\"1\" data-mce-type=\"format-caret\"><span  id=\"_mce_caret\" data-mce-bogus=\"1\" data-mce-type=\"format-caret\"><span  style=\"font-weight: 300;\">\ufeffafin de donner le meilleur de sa connaissance dans le domaine.&nbsp;\n<br >\n<br >Toujours consciencieux, vous serez satisfait de ses services.<\/span><\/span><\/span>\n\n<br ><br ><span  style=\"font-weight: 700;\">Soumission gratuite.<\/span><\/p><\/div> <\/div><\/div> <\/div><div  data-label=\"Compteur\" data-id=\"counters-2\" data-export-id=\"counters-2\" data-category=\"counters\" class=\"counters-2 content-section content-section-spacing white-text\" id=\"compteur\" style=\"background-color: rgb(255, 255, 255); background-size: cover; background-position: center top; background-image: url(&quot;https:\/\/lavagemobilesd.com\/fr\/wp-content\/uploads\/2019\/10\/bande-camion-small.png&quot;);\" data-section-ov=\"1\"> <div  class=\"gridContainer\">  <div  class=\"row\" data-type=\"row\"> <div  class=\"col-xs-12 col-sm-4 text-center space-bottom col-md-3\"> <i  class=\"fa icon fa-car large color-white\" data-ms-editor=\"true\"><\/i> <h3  class=\"font-400\" data-min=\"0\" data-max=\"90\" data-duration=\"2000\" data-prefix=\"\" data-suffix=\" \" data-countup=\"true\" style=\"display: inline-block;\"><\/h3> <h5  class=\"upper color2\" data-ms-editor=\"true\">v\u00e9hicules<\/h5> <\/div> <div  class=\"col-xs-12 col-sm-4 text-center space-bottom col-md-3\"> <i  class=\"fa icon fa-road large color-white\" data-ms-editor=\"true\"><\/i> <h3  class=\"font-400\" data-min=\"100\" data-max=\"150\" data-duration=\"2000\" data-prefix=\"\" data-suffix=\" \" data-countup=\"true\" style=\"display: inline-block;\"><\/h3> <h5  class=\"upper color2\" data-ms-editor=\"true\">d\u00e9placements mobiles<\/h5> <\/div> <div  class=\"col-xs-12 col-sm-4 text-center space-bottom col-md-3\"> <i  class=\"fa icon fa-star large color-white\" data-ms-editor=\"true\"><\/i> <h3  class=\"font-400\" data-min=\"0\" data-max=\"100\" data-duration=\"2000\" data-prefix=\"\" data-suffix=\"%\" data-countup=\"true\" style=\"display: inline-block;\"><\/h3> <h5  class=\"upper color2\" data-ms-editor=\"true\">satisfaction du client<\/h5> <\/div> <div  class=\"col-xs-12 col-sm-4 text-center space-bottom col-md-3\"> <i  class=\"fa icon fa-truck large color-white\" data-ms-editor=\"true\"><\/i> <h3  class=\"font-400\" data-min=\"0\" data-max=\"10\" data-duration=\"2000\" data-prefix=\"\" data-suffix=\" \" data-countup=\"true\" style=\"display: inline-block;\"><\/h3> <h5  class=\"upper color2\" data-ms-editor=\"true\">Flotte de camions<\/h5> <\/div><\/div> <\/div> <\/div><div  data-label=\"Contact\" data-id=\"contact-6\" data-export-id=\"contact-6\" data-category=\"contact\" class=\"contact-5 content-section content-section-spacing\" id=\"contact-4\" style=\"background-color: rgb(255, 255, 255);\"> <div  class=\"gridContainer\">  <div  class=\"row middle-sm\"> <div  class=\"col-xs-12 col-sm-6 image-holder space-bottom-xs\"> <div  data-content-shortcode=\"mesmerize_maps zoom=&quot;65&quot; address=&quot;767, rue St-Jude Nord, Granby, Qc. J2H 0Y1&quot; lng=&quot;-71.3062337&quot; lat=&quot;46.8016156&quot;\" data-editable=\"true\" class=\"\">        <div class=\"mesmerize-google-maps\" style=\"width:100%\">\n            <iframe style=\"width:100%; height:100%;min-height:inherit;display:block;\" src=\"https:\/\/maps.google.com\/maps?q=767%2C+rue+St-Jude+Nord%2C+Granby%2C+Qc.+J2H+0Y1&#038;z=14&#038;output=embed&#038;iwloc=near&#038;ll=46.8016156,-71.3062337\"><\/iframe>\n        <\/div>\n    <\/div> <\/div> <div  class=\"col-xs-12 col-sm-6\"> <div  class=\"row middle-sm\"> <div  data-type=\"column\" class=\"col-xs-12 space-bottom-small\">  <h3  class=\"\" data-ms-editor=\"true\"><span  style=\"color: rgb(3, 169, 244);\">Coordonn\u00e9es :<\/span><\/h3><p  class=\"\" data-ms-editor=\"true\">Pour information sur nos services,&nbsp; appelez au&nbsp;<a  data-mce-href=\"tel:4505582054\" href=\"tel:4505582054\" target=\"_self\" data-mce-selected=\"inline-boundary\" data-cp-link=\"1\" rel=\"noopener noreferrer\">450 558-2507\ufeff<\/a><\/p><h4  class=\"\" data-ms-editor=\"true\">LAVAGE MOBILE SD<\/h4><h4  class=\"\" data-ms-editor=\"true\"><span  style=\"font-style: italic; font-weight: 400;\">St\u00e9phane Despars<\/span><span  id=\"_mce_caret\" data-mce-bogus=\"1\" data-mce-type=\"format-caret\"><span  style=\"font-style: italic; font-weight: 400;\">\ufeff<\/span><\/span><\/h4><\/div> <\/div> <div  class=\"row middle-sm\" data-type=\"row\"> <div  class=\"col-xs-12 space-bottom-small\"> <div  class=\"row\"> <div  data-type=\"column\" class=\"col-xs-12 col-sm-fit label-col\"> <h5  class=\"\" data-ms-editor=\"true\">Adresse:<\/h5> <\/div> <div  data-type=\"column\" class=\"col-xs-12 col-sm\"> <p  class=\"\" data-ms-editor=\"true\">767, rue St-Jude Nord, Granby, Qu\u00e9bec J2H 0Y1<\/p> <\/div> <\/div> <\/div><div  class=\"col-xs-12 space-bottom-small\"> <div  class=\"row\"> <div  data-type=\"column\" class=\"col-xs-12 col-sm-fit label-col\"> <h5  class=\"\" data-ms-editor=\"true\">Cell.:<\/h5> <\/div> <div  data-type=\"column\" class=\"col-xs-12 col-sm\"> <p  class=\"\" data-ms-editor=\"true\"><span  style=\"font-weight: 600;\"><a  data-mce-href=\"tel:4505582507\" href=\"tel:4505582507\" target=\"_self\" data-mce-selected=\"inline-boundary\" data-cp-link=\"1\" rel=\"noreferrer\">450 558-2507<\/a><\/span><\/p> <\/div> <\/div> <\/div><div  class=\"col-xs-12 space-bottom-small\"> <div  class=\"row\"> <div  data-type=\"column\" class=\"col-xs-12 col-sm-fit label-col\">  <h6  class=\"\" data-ms-editor=\"true\">Courriel:&nbsp;<\/h6><\/div> <div  data-type=\"column\" class=\"col-xs-12 col-sm\">  <p  class=\"\" data-ms-editor=\"true\"><span  style=\"font-weight: 600;\"><a  data-mce-href=\"mailto:maialto:info@lavagemobilesd.com\" href=\"mailto:maialto:info@lavagemobilesd.com\" target=\"_self\" data-mce-selected=\"inline-boundary\" data-cp-link=\"1\" rel=\"noopener\">info@lavagemobilesd.com<\/a><a  data-mce-href=\"mailto:stephane.despars@gmail.com\" href=\"mailto:stephane.despars@gmail.com\" target=\"_self\" data-mce-selected=\"inline-boundary\" data-cp-link=\"1\" rel=\"noopener noreferrer\"><\/a><\/span><\/p><\/div> <\/div> <\/div><div  class=\"col-xs-12 space-bottom-small\"> <div  class=\"row\"> <div  data-type=\"column\" class=\"col-xs-12 col-sm-fit label-col\"> <h5  class=\"\" data-ms-editor=\"true\">Horaire bureau:<\/h5> <\/div> <div  data-type=\"column\" class=\"col-xs-12 col-sm\"> <p  class=\"\" data-ms-editor=\"true\">9h \u00e0 17h du Lundi au Vendredi\n<br >9h \u00e0 12h Samedi<\/p> <\/div> <\/div> <\/div>    <\/div> <\/div> <\/div> <\/div> <\/div>","protected":false},"excerpt":{"rendered":"<p>Flotte de camions&nbsp;Machinerie Agricole Machinerie, camions savoir plus Esth\u00e9tique automobile Lavage int\u00e9rieur et ext\u00e9rieur, Compound, roue, sablage de phares etc\u2026 savoir plus V\u00e9hicule r\u00e9cr\u00e9atif Lavage mobile directement sur place de v\u00e9hicules r\u00e9cr\u00e9atifs savoir plus Entretien commercial&nbsp; Entretien de locaux commerciaux savoir plus \u00c0 PROPOS Faire affaire avecLavage Mobile SD,&nbsp; est vous assurer un travail consciencieux.&hellip; <br \/> <a class=\"read-more\" href=\"https:\/\/lavagemobilesd.com\/fr\/\">Read more<\/a><\/p>\n","protected":false},"author":1,"featured_media":0,"parent":0,"menu_order":0,"comment_status":"closed","ping_status":"closed","template":"page-templates\/homepage.php","meta":{"footnotes":""},"class_list":["post-482","page","type-page","status-publish","hentry"],"_links":{"self":[{"href":"https:\/\/lavagemobilesd.com\/fr\/wp-json\/wp\/v2\/pages\/482","targetHints":{"allow":["GET"]}}],"collection":[{"href":"https:\/\/lavagemobilesd.com\/fr\/wp-json\/wp\/v2\/pages"}],"about":[{"href":"https:\/\/lavagemobilesd.com\/fr\/wp-json\/wp\/v2\/types\/page"}],"author":[{"embeddable":true,"href":"https:\/\/lavagemobilesd.com\/fr\/wp-json\/wp\/v2\/users\/1"}],"replies":[{"embeddable":true,"href":"https:\/\/lavagemobilesd.com\/fr\/wp-json\/wp\/v2\/comments?post=482"}],"version-history":[{"count":61,"href":"https:\/\/lavagemobilesd.com\/fr\/wp-json\/wp\/v2\/pages\/482\/revisions"}],"predecessor-version":[{"id":1062,"href":"https:\/\/lavagemobilesd.com\/fr\/wp-json\/wp\/v2\/pages\/482\/revisions\/1062"}],"wp:attachment":[{"href":"https:\/\/lavagemobilesd.com\/fr\/wp-json\/wp\/v2\/media?parent=482"}],"curies":[{"name":"wp","href":"https:\/\/api.w.org\/{rel}","templated":true}]}}