{"id":976,"date":"2021-03-30T20:49:10","date_gmt":"2021-03-30T20:49:10","guid":{"rendered":"https:\/\/lavagemobilesd.com\/fr\/?page_id=976"},"modified":"2025-04-07T17:41:41","modified_gmt":"2025-04-07T17:41:41","slug":"promotion","status":"publish","type":"page","link":"https:\/\/lavagemobilesd.com\/fr\/promotion\/","title":{"rendered":"Promotion"},"content":{"rendered":"<div  data-label=\"Content\" data-id=\"content-5\" data-export-id=\"content-5\" data-category=\"content\" class=\"content-5 content-section content-section-spacing\" id=\"content-12\" style=\"background-color: rgb(255, 255, 255);\"> <div  class=\"gridContainer\">  <div  class=\"row middle-sm\"> <div  class=\"col-sm-6 space-bottom-xs\"> <div  class=\"row space-bottom\" data-type=\"column\"> <h3  class=\"color2\">Nos services<\/h3> <p  class=\"\"><span  style=\"font-weight: 600;\"> Notre devise&nbsp; est&nbsp;&nbsp;<\/span><span  id=\"_mce_caret\" data-mce-bogus=\"1\" data-mce-type=\"format-caret\"><span  style=\"font-style: italic; font-weight: 600;\">\ufeff&nbsp;\u00ab&nbsp;Tout ce qui est sale se lave \u2026.&nbsp;\u00bb<\/span><\/span><\/p> <h5  class=\"\"><span  style=\"font-style: italic; color: rgb(59, 151, 214);\">Confiez-nous votre flotte pour le nettoyage. Ainsi vous aurez la s\u00e9curit\u00e9 d\u2019esprit, toujours propre, soignez votre image\u2026<\/span><\/h5><\/div> <div  class=\"row spaced-cols\" data-type=\"row\">   <div  class=\"col-sm-6 col-md-6\">  <h5  class=\"\"><span  style=\"color: rgb(254, 194, 38);\">&gt;<\/span>CAMION \u2013 FLOTTE&nbsp;<\/h5> <p  class=\"\">Entretien de flotte de camions. Nous utilison des produits \u00e0 la fine pointe de la technologie pour l\u2019environnement.<\/p> <\/div><div  class=\"col-sm-6 col-md-6\">  <h5  class=\"\"><span  style=\"color: rgb(254, 194, 38);\">&gt;<\/span>MACHINERIES LOURDES\/ INDUSTRIELLES\/AGRICOLES<\/h5><p  class=\"\"> Nettoyage de toutes sortes de machineries.<\/p>  <\/div> <div  class=\"col-sm-6 col-md-6\">  <h5  class=\"\"><span  style=\"color: rgb(254, 194, 38);\">&gt;<\/span>VOITURE<\/h5> <p  class=\"\"> Nettoyage int\u00e9rieur et ext\u00e9rieur.\n<br >Polissage de phare de voiture.\n<br >Compound<\/p> <\/div><div  class=\"col-sm-6 col-md-6\">  <h5  class=\"\"><span  style=\"color: rgb(254, 194, 38);\">&gt;<\/span>V\u00c9HICULES R\u00c9CR\u00c9ATIFS<\/h5> <p  class=\"\">Roulotte, VR, bateau etc\u2026<\/p> <\/div> <\/div> <\/div> <div  class=\"col-sm-6 flexbox around-xs top-xs\"> <div  class=\"overlay-box flexbox middle-xs center-xs overlay-holder\"> <div  class=\"overlay-box-offset offset-background shadow-medium bg-color2 hide-xs\"><\/div> <img decoding=\"async\"  class=\"flexbox shadow-large img1\" data-size=\"500x500\" src=\"https:\/\/lavagemobilesd.com\/fr\/wp-content\/uploads\/2021\/03\/camion-remorque-lavage-mobileSD.jpg\" alt=\"\" title=\"camion-remorque-lavage-mobileSD\"> <\/div> <\/div> <\/div> <\/div> <\/div><div  data-label=\"Overlappable\" data-id=\"overlappable--1\" data-export-id=\"overlappable-2\" data-category=\"overlappable\" class=\"overlappable-2 content-section content-section-spacing\" data-overlap=\"true\" id=\"overlappable-1\" style=\"background-color: rgb(255, 255, 255);\"><div  class=\"gridContainer\"> <div  class=\"row middle-sm shadow-medium bg-color-white\"><div  class=\"col-xs-12 col-sm-4 top-sm col-padding col-padding-xs\" data-type=\"column\"> <h3  class=\"font-300\">Tous les services sont offerts&nbsp; pour les flottes de camions, lavage de voitures, camion, vus, camionnette, autobus et machinerie de ferme.\n<br ><br >\n<\/h3>  <\/div> <div  class=\"col-xs-12 col-sm-8\"><div  data-type=\"row\" class=\"row\"> <div  class=\"col-xs-12 col-sm-6 col-padding col-padding-small-xs\"> <h3  class=\"\">SERVICES OFFERTS<\/h3> <p  class=\"\"><span  style=\"font-weight: 700;\">Lavage \u00e0 pression\n<br >Savonnage et rin\u00e7age<\/span>\n<br ><span  style=\"font-weight: 700;\">Brossage \u00e0 la main<\/span>\n<br ><span  style=\"font-weight: 700;\">Nettoyage int\u00e9rieur et ext\u00e9rieur\n<br >Remise \u00e0 neuf<br >Nettoyage de moteur<\/span>\n<br ><br >\n<\/p><\/div>    <div  class=\"col-xs-12 col-sm-6 col-padding col-padding-small-xs\"> <h3  class=\"\"><\/h3> <p  class=\"\"><span  style=\"font-weight: 700;\">Aquapel<br >D\u00e9graissage<\/span><br ><span  style=\"font-weight: 700;\">D\u00e9 lettrage<\/span><br ><span  style=\"font-weight: 700;\">D\u00e9contamination<br >Compound\n<br >Sablage des phare\n<br >Et encore plus !!!<\/span>\n<br ><br >\n<\/p><\/div><\/div><\/div> <\/div><\/div> <\/div><div  data-label=\"Soumission gratuite\" data-id=\"cta-blue-section\" data-export-id=\"cta-blue-section\" data-category=\"cta\" class=\"cta-blue-section content-section content-section-spacing-medium bg-color1 white-text\" id=\"soumission-gratuite\" style=\"background-size: cover; background-position: center top; background-image: url(&quot;https:\/\/lavagemobilesd.com\/fr\/wp-content\/uploads\/2019\/10\/bande-lavagemobilesd2.jpg&quot;);\" data-section-ov=\"1\"> <div  class=\"gridContainer\"> <div  class=\"row middle-xs\"> <div  class=\"col-sm-8 space-bottom-xs\" data-type=\"column\"> <h2  class=\"\">Soumission gratuite ? <span  style=\"font-weight: 300;\">Appelez-nous!<\/span><\/h2> <\/div> <div  class=\"col-sm-4 end-sm\" data-type=\"column\"> <a  class=\"button big color2 dark-text\" href=\"tel:4505582057\" target=\"_self\" data-cp-link=\"1\" data-icon=\"\" rel=\"noopener noreferrer\"> 450.558.2507 <\/a> <\/div> <\/div> <\/div> <\/div><div  data-label=\"Satisfaction garantie\" data-id=\"features-12\" data-export-id=\"features-12\" data-category=\"features\" class=\"features-12 content-section content-section-spacing content-relative\" id=\"satisfaction-garantie\" style=\"background-color: rgb(255, 255, 255); background-image: url(&quot;https:\/\/lavagemobilesd.com\/fr\/wp-content\/uploads\/2019\/10\/background-satisfaction-1.png&quot;); background-size: cover; background-position: center top;\"> <div  class=\"gridContainer\"> <div  class=\"row text-center\"> <div  class=\"section-title-col\" data-type=\"column\"> <h2  class=\"\"> Satisfaction garantie<\/h2> <p  class=\"lead\"> Exp\u00e9rience de plus de 20 ans\n<br >Personne soucieuse et consciencieuse du d\u00e9tail&nbsp;\n<\/p> <\/div> <\/div> <div  class=\"row spaced-cols\" data-type=\"row\"> <div  class=\"col-sm-6\"> <div  class=\"row space-bottom\"> <div  class=\"col-sm-fit icon-column\"> <i  class=\"fa icon fa-wechat large color3\"> <\/i> <\/div> <div  class=\"col-sm\" data-type=\"column\"> <h5  class=\"color2\">TOUJOURS DISPONIBLE<\/h5>  <\/div> <\/div> <\/div> <div  class=\"col-sm-6\"> <div  class=\"row space-bottom\"> <div  class=\"col-sm-fit icon-column\"> <i  class=\"fa icon fa-group large color3\"> <\/i> <\/div> <div  class=\"col-sm\" data-type=\"column\"> <h5  class=\"color2\"> SP\u00c9CIALISTES EN LAVAGE MOBILE<\/h5>  <\/div> <\/div> <\/div> <div  class=\"col-sm-6\"> <div  class=\"row space-bottom\"> <div  class=\"col-sm-fit icon-column\"> <i  class=\"fa icon fa-smile-o large color3\"> <\/i> <\/div> <div  class=\"col-sm\" data-type=\"column\"> <h5  class=\"color2\"> CLIENTS HEUREUX<\/h5>  <\/div> <\/div> <\/div> <div  class=\"col-sm-6\"> <div  class=\"row space-bottom\"> <div  class=\"col-sm-fit icon-column\"> <i  class=\"fa icon fa-calendar-check-o large color3\"> <\/i> <\/div> <div  class=\"col-sm\" data-type=\"column\"> <h5  class=\"color2\"> RENDEZ-VOUS RESPECT\u00c9S<\/h5>  <\/div> <\/div> <\/div> <div  class=\"col-sm-6\"> <div  class=\"row space-bottom\"> <div  class=\"col-sm-fit icon-column\"> <i  class=\"fa icon fa-thumbs-up large color3\"> <\/i> <\/div> <div  class=\"col-sm\" data-type=\"column\"> <h5  class=\"color2\">MEILLEURS SERVICES<\/h5>  <\/div> <\/div> <\/div><div  class=\"col-sm-6\"> <div  class=\"row space-bottom\"> <div  class=\"col-sm-fit icon-column\"> <i  class=\"fa icon fa-american-sign-language-interpreting large color3\"> <\/i> <\/div> <div  class=\"col-sm\" data-type=\"column\"> <h5  class=\"color2\">LAVAGE IMPECCABLE<\/h5>  <\/div> <\/div> <\/div><\/div> <\/div> <div  class=\"section-separator-bottom\">\n    <svg  xmlns=\"http:\/\/www.w3.org\/2000\/svg\" viewBox=\"0 0 1000 100\" preserveAspectRatio=\"none\" data-separator-name=\"triangle-negative\" class=\"section-separator-bottom\">\n\t<path  class=\"svg-white-bg\" d=\"M500.2,94.7L0,0v100h1000V0L500.2,94.7z\"><\/path>\n<\/svg>\n<\/div><\/div>","protected":false},"excerpt":{"rendered":"<p>Nos services Notre devise&nbsp; est&nbsp;&nbsp;\ufeff&nbsp;\u00ab&nbsp;Tout ce qui est sale se lave \u2026.&nbsp;\u00bb Confiez-nous votre flotte pour le nettoyage. Ainsi vous aurez la s\u00e9curit\u00e9 d\u2019esprit, toujours propre, soignez votre image\u2026 &gt;CAMION \u2013 FLOTTE&nbsp; Entretien de flotte de camions. Nous utilison des produits \u00e0 la fine pointe de la technologie pour l\u2019environnement. &gt;MACHINERIES LOURDES\/ INDUSTRIELLES\/AGRICOLES Nettoyage de&hellip; <br \/> <a class=\"read-more\" href=\"https:\/\/lavagemobilesd.com\/fr\/promotion\/\">Read more<\/a><\/p>\n","protected":false},"author":1,"featured_media":0,"parent":0,"menu_order":0,"comment_status":"closed","ping_status":"closed","template":"pro\/page-templates\/full-width-page.php","meta":{"footnotes":""},"class_list":["post-976","page","type-page","status-publish","hentry"],"_links":{"self":[{"href":"https:\/\/lavagemobilesd.com\/fr\/wp-json\/wp\/v2\/pages\/976","targetHints":{"allow":["GET"]}}],"collection":[{"href":"https:\/\/lavagemobilesd.com\/fr\/wp-json\/wp\/v2\/pages"}],"about":[{"href":"https:\/\/lavagemobilesd.com\/fr\/wp-json\/wp\/v2\/types\/page"}],"author":[{"embeddable":true,"href":"https:\/\/lavagemobilesd.com\/fr\/wp-json\/wp\/v2\/users\/1"}],"replies":[{"embeddable":true,"href":"https:\/\/lavagemobilesd.com\/fr\/wp-json\/wp\/v2\/comments?post=976"}],"version-history":[{"count":3,"href":"https:\/\/lavagemobilesd.com\/fr\/wp-json\/wp\/v2\/pages\/976\/revisions"}],"predecessor-version":[{"id":1065,"href":"https:\/\/lavagemobilesd.com\/fr\/wp-json\/wp\/v2\/pages\/976\/revisions\/1065"}],"wp:attachment":[{"href":"https:\/\/lavagemobilesd.com\/fr\/wp-json\/wp\/v2\/media?parent=976"}],"curies":[{"name":"wp","href":"https:\/\/api.w.org\/{rel}","templated":true}]}}